{"id":101,"date":"2016-07-21T20:15:32","date_gmt":"2016-07-21T20:15:32","guid":{"rendered":"http:\/\/demo.hashthemes.com\/total\/?page_id=101"},"modified":"2025-09-05T16:43:47","modified_gmt":"2025-09-05T16:43:47","slug":"contactenos","status":"publish","type":"page","link":"https:\/\/asesa.com.gt\/asesa\/contactenos\/","title":{"rendered":"Cont\u00e1ctenos"},"content":{"rendered":"\t\t<div data-elementor-type=\"wp-page\" data-elementor-id=\"101\" class=\"elementor elementor-101\">\n\t\t\t\t\t\t<section class=\"elementor-section elementor-top-section elementor-element elementor-element-43c219c elementor-section-full_width elementor-section-height-default elementor-section-height-default\" data-id=\"43c219c\" data-element_type=\"section\" data-e-type=\"section\">\n\t\t\t\t\t\t<div class=\"elementor-container elementor-column-gap-default\">\n\t\t\t\t\t<div class=\"elementor-column elementor-col-50 elementor-top-column elementor-element elementor-element-15c0738\" data-id=\"15c0738\" data-element_type=\"column\" data-e-type=\"column\">\n\t\t\t<div class=\"elementor-widget-wrap elementor-element-populated\">\n\t\t\t\t\t\t<div class=\"elementor-element elementor-element-17b6b95 elementor-invisible elementor-widget elementor-widget-text-editor\" data-id=\"17b6b95\" data-element_type=\"widget\" data-e-type=\"widget\" data-settings=\"{&quot;_animation&quot;:&quot;fadeInLeft&quot;}\" data-widget_type=\"text-editor.default\">\n\t\t\t\t<div class=\"elementor-widget-container\">\n\t\t\t\t\t\t\t\t\t<h6><strong><img decoding=\"async\" class=\"alignnone size-medium wp-image-698\" src=\"https:\/\/asesa.com.gt\/asesa\/wp-content\/uploads\/2021\/06\/logo-asesa-bordeblanco-1-1-300x102.png\" alt=\"\" width=\"300\" height=\"102\" srcset=\"https:\/\/asesa.com.gt\/asesa\/wp-content\/uploads\/2021\/06\/logo-asesa-bordeblanco-1-1-300x102.png 300w, https:\/\/asesa.com.gt\/asesa\/wp-content\/uploads\/2021\/06\/logo-asesa-bordeblanco-1-1-768x262.png 768w, https:\/\/asesa.com.gt\/asesa\/wp-content\/uploads\/2021\/06\/logo-asesa-bordeblanco-1-1-600x204.png 600w, https:\/\/asesa.com.gt\/asesa\/wp-content\/uploads\/2021\/06\/logo-asesa-bordeblanco-1-1.png 898w\" sizes=\"(max-width: 300px) 100vw, 300px\" \/><\/strong><\/h6>\n<h6><strong>\u00a0<\/strong><\/h6>\n<h6><strong>Direcci\u00f3n:<\/strong><\/h6>\n<p>8\u00aa. Av. 9-46 Sector A-10 San cristobal Zona 8 de Mixco, El Portal de Santa B\u00e1rbara Of. 6 y 7.<\/p>\n<p><strong>Tel\u00e9fono:<\/strong><\/p>\n<p>(502) 24433548 &#8211; (502) 24433494 &#8211; (502) 54513032<\/p>\n<p><strong>E-mail:<\/strong><\/p>\n<p>guatemala.asesa@gmail.com<\/p>\t\t\t\t\t\t\t\t<\/div>\n\t\t\t\t<\/div>\n\t\t\t\t\t<\/div>\n\t\t<\/div>\n\t\t\t\t<div class=\"elementor-column elementor-col-50 elementor-top-column elementor-element elementor-element-ddbfe57\" data-id=\"ddbfe57\" data-element_type=\"column\" data-e-type=\"column\">\n\t\t\t<div class=\"elementor-widget-wrap elementor-element-populated\">\n\t\t\t\t\t\t<div class=\"elementor-element elementor-element-d55910a elementor-invisible elementor-widget elementor-widget-heading\" data-id=\"d55910a\" data-element_type=\"widget\" data-e-type=\"widget\" data-settings=\"{&quot;_animation&quot;:&quot;fadeInRight&quot;}\" data-widget_type=\"heading.default\">\n\t\t\t\t<div class=\"elementor-widget-container\">\n\t\t\t\t\t<h6 class=\"elementor-heading-title elementor-size-default\">Comun\u00edcate a trav\u00e9s de nuestro formulario de contacto.<\/h6>\t\t\t\t<\/div>\n\t\t\t\t<\/div>\n\t\t\t\t<div class=\"elementor-element elementor-element-a729ee6 elementor-widget__width-inherit elementor-invisible elementor-widget elementor-widget-shortcode\" data-id=\"a729ee6\" data-element_type=\"widget\" data-e-type=\"widget\" data-settings=\"{&quot;_animation&quot;:&quot;fadeInRight&quot;}\" data-widget_type=\"shortcode.default\">\n\t\t\t\t<div class=\"elementor-widget-container\">\n\t\t\t\t\t\t\t<div class=\"elementor-shortcode\">\n<div class=\"wpcf7 no-js\" id=\"wpcf7-f982-o1\" lang=\"es-ES\" dir=\"ltr\" data-wpcf7-id=\"982\">\n<div class=\"screen-reader-response\"><p role=\"status\" aria-live=\"polite\" aria-atomic=\"true\"><\/p> <ul><\/ul><\/div>\n<form action=\"\/asesa\/wp-json\/wp\/v2\/pages\/101#wpcf7-f982-o1\" method=\"post\" class=\"wpcf7-form init\" aria-label=\"Formulario de contacto\" novalidate=\"novalidate\" data-status=\"init\">\n<fieldset class=\"hidden-fields-container\"><input type=\"hidden\" name=\"_wpcf7\" value=\"982\" \/><input type=\"hidden\" name=\"_wpcf7_version\" value=\"6.1.4\" \/><input type=\"hidden\" name=\"_wpcf7_locale\" value=\"es_ES\" \/><input type=\"hidden\" name=\"_wpcf7_unit_tag\" value=\"wpcf7-f982-o1\" \/><input type=\"hidden\" name=\"_wpcf7_container_post\" value=\"0\" \/><input type=\"hidden\" name=\"_wpcf7_posted_data_hash\" value=\"\" \/>\n<\/fieldset>\n<p><label> Tu nombre<br \/>\n<span class=\"wpcf7-form-control-wrap\" data-name=\"your-name\"><input size=\"40\" maxlength=\"400\" class=\"wpcf7-form-control wpcf7-text wpcf7-validates-as-required\" aria-required=\"true\" aria-invalid=\"false\" value=\"\" type=\"text\" name=\"your-name\" \/><\/span> <\/label>\n<\/p>\n<p><label> Tu correo electr\u00f3nico<br \/>\n<span class=\"wpcf7-form-control-wrap\" data-name=\"your-email\"><input size=\"40\" maxlength=\"400\" class=\"wpcf7-form-control wpcf7-email wpcf7-validates-as-required wpcf7-text wpcf7-validates-as-email\" aria-required=\"true\" aria-invalid=\"false\" value=\"\" type=\"email\" name=\"your-email\" \/><\/span> <\/label>\n<\/p>\n<p><label> Asunto<br \/>\n<span class=\"wpcf7-form-control-wrap\" data-name=\"your-subject\"><input size=\"40\" maxlength=\"400\" class=\"wpcf7-form-control wpcf7-text wpcf7-validates-as-required\" aria-required=\"true\" aria-invalid=\"false\" value=\"\" type=\"text\" name=\"your-subject\" \/><\/span> <\/label>\n<\/p>\n<p><label> Tu mensaje (opcional)<br \/>\n<span class=\"wpcf7-form-control-wrap\" data-name=\"your-message\"><textarea cols=\"40\" rows=\"10\" maxlength=\"2000\" class=\"wpcf7-form-control wpcf7-textarea\" aria-invalid=\"false\" name=\"your-message\"><\/textarea><\/span> <\/label>\n<\/p>\n<p><input class=\"wpcf7-form-control wpcf7-submit has-spinner\" type=\"submit\" value=\"Enviar\" \/>\n<\/p><div class=\"wpcf7-response-output\" aria-hidden=\"true\"><\/div>\n<\/form>\n<\/div>\n<\/div>\n\t\t\t\t\t\t<\/div>\n\t\t\t\t<\/div>\n\t\t\t\t\t<\/div>\n\t\t<\/div>\n\t\t\t\t\t<\/div>\n\t\t<\/section>\n\t\t\t\t<section class=\"elementor-section elementor-top-section elementor-element elementor-element-8b9a046 elementor-section-boxed elementor-section-height-default elementor-section-height-default elementor-invisible\" data-id=\"8b9a046\" data-element_type=\"section\" data-e-type=\"section\" data-settings=\"{&quot;animation&quot;:&quot;fadeInUp&quot;}\">\n\t\t\t\t\t\t<div class=\"elementor-container elementor-column-gap-default\">\n\t\t\t\t\t<div class=\"elementor-column elementor-col-100 elementor-top-column elementor-element elementor-element-0abddc0\" data-id=\"0abddc0\" data-element_type=\"column\" data-e-type=\"column\">\n\t\t\t<div class=\"elementor-widget-wrap elementor-element-populated\">\n\t\t\t\t\t\t<div class=\"elementor-element elementor-element-a9a7af0 elementor-widget elementor-widget-html\" data-id=\"a9a7af0\" data-element_type=\"widget\" data-e-type=\"widget\" data-widget_type=\"html.default\">\n\t\t\t\t<div class=\"elementor-widget-container\">\n\t\t\t\t\t<iframe src=\"https:\/\/www.google.com\/maps\/embed?pb=!1m18!1m12!1m3!1d3076.736368772717!2d-90.59505539999999!3d14.598933199999996!2m3!1f0!2f0!3f0!3m2!1i1024!2i768!4f13.1!3m3!1m2!1s0x8589a16ca65cb25d%3A0x80683cc8437b0e0c!2sASESA!5e1!3m2!1ses!2sgt!4v1757089537455!5m2!1ses!2sgt\" width=\"600\" height=\"450\" style=\"border:0;\" allowfullscreen=\"\" loading=\"lazy\" referrerpolicy=\"no-referrer-when-downgrade\"><\/iframe>\t\t\t\t<\/div>\n\t\t\t\t<\/div>\n\t\t\t\t\t<\/div>\n\t\t<\/div>\n\t\t\t\t\t<\/div>\n\t\t<\/section>\n\t\t\t\t<\/div>\n\t\t","protected":false},"excerpt":{"rendered":"<p>\u00a0 Direcci\u00f3n: 8\u00aa. Av. 9-46 Sector A-10 San cristobal Zona 8 de Mixco, El Portal de Santa B\u00e1rbara Of. 6 y 7. Tel\u00e9fono: (502) 24433548 &#8211; (502) 24433494 &#8211; (502) 54513032 E-mail: guatemala.asesa@gmail.com Comun\u00edcate a trav\u00e9s de nuestro formulario de contacto.<\/p>\n","protected":false},"author":1,"featured_media":0,"parent":0,"menu_order":0,"comment_status":"closed","ping_status":"closed","template":"","meta":{"footnotes":""},"class_list":["post-101","page","type-page","status-publish","hentry"],"_links":{"self":[{"href":"https:\/\/asesa.com.gt\/asesa\/wp-json\/wp\/v2\/pages\/101","targetHints":{"allow":["GET"]}}],"collection":[{"href":"https:\/\/asesa.com.gt\/asesa\/wp-json\/wp\/v2\/pages"}],"about":[{"href":"https:\/\/asesa.com.gt\/asesa\/wp-json\/wp\/v2\/types\/page"}],"author":[{"embeddable":true,"href":"https:\/\/asesa.com.gt\/asesa\/wp-json\/wp\/v2\/users\/1"}],"replies":[{"embeddable":true,"href":"https:\/\/asesa.com.gt\/asesa\/wp-json\/wp\/v2\/comments?post=101"}],"version-history":[{"count":67,"href":"https:\/\/asesa.com.gt\/asesa\/wp-json\/wp\/v2\/pages\/101\/revisions"}],"predecessor-version":[{"id":1415,"href":"https:\/\/asesa.com.gt\/asesa\/wp-json\/wp\/v2\/pages\/101\/revisions\/1415"}],"wp:attachment":[{"href":"https:\/\/asesa.com.gt\/asesa\/wp-json\/wp\/v2\/media?parent=101"}],"curies":[{"name":"wp","href":"https:\/\/api.w.org\/{rel}","templated":true}]}}