{"id":1473,"date":"2025-09-05T18:36:28","date_gmt":"2025-09-05T18:36:28","guid":{"rendered":"https:\/\/asesa.com.gt\/asesa\/?post_type=product&#038;p=1473"},"modified":"2025-09-05T20:03:12","modified_gmt":"2025-09-05T20:03:12","slug":"prueba-panel-respiratorio-influenza-a-bcovid-19-virus-sincitial-adenovirus","status":"publish","type":"product","link":"https:\/\/asesa.com.gt\/asesa\/producto\/prueba-panel-respiratorio-influenza-a-bcovid-19-virus-sincitial-adenovirus\/","title":{"rendered":"Prueba Panel Respiratorio: Influenza A\/B+Covid-19\/Virus Sincitial\/Adenovirus Marca HWTAI BIO TEC SANTSAI INTERNATIONAL CO. LTDA."},"content":{"rendered":"<h6>Prueba Panel Respiratorio: Influenza A\/B+Covid-19\/Virus Sincitial\/Adenovirus<\/h6>\n","protected":false},"excerpt":{"rendered":"<h6>Prueba Panel Respiratorio: Influenza A\/B+Covid-19\/Virus Sincitial\/Adenovirus<\/h6>\n<h6>Marca HWTAI BIO TEC SANTSAI INTERNATIONAL CO. LTDA.<\/h6>\n<h6>Descripci\u00f3n:<\/h6>\n<h6>El dispositivo de prueba r\u00e1pida de ant\u00edgeno de influenza A+B\/COVID-19\/RSV\/Adenovirus es un Inmunoensayo visual r\u00e1pido para la detecci\u00f3n cualitativa y presunta de influenza A y ant\u00edgenos virales B, ant\u00edgeno COVID-19, ant\u00edgeno Virus Sincitial y ant\u00edgeno Adenovirus. Sensibilidad relativa: 99.7.\u00a0 Especificidad relativa : 99.8.\u00a0 Intervalo de confianza 95.0%<\/h6>\n<h6>Contenido del Kit:<\/h6>\n<h6>-Dispositivo de prueba empaquetado individualmente, conteniendo tira de conjugados de colores y reactivos esparcidos previamente.<\/h6>\n<h6>-Soluci\u00f3n de extracci\u00f3n.<\/h6>\n<h6>-Tubos de extracci\u00f3n, para la preparaci\u00f3n de muestras.<\/h6>\n<h6>-Hisopos nasales est\u00e9riles, para la extracci\u00f3n de muestra<\/h6>\n<h6>-Inserto, el cual indica como deben ser extra\u00eddas las muestras y las instrucciones de operaci\u00f3n.<\/h6>\n","protected":false},"featured_media":1474,"comment_status":"open","ping_status":"closed","template":"","meta":[],"product_brand":[],"product_cat":[14],"product_tag":[],"class_list":{"0":"post-1473","1":"product","2":"type-product","3":"status-publish","4":"has-post-thumbnail","6":"product_cat-equipo-de-diagnostico","8":"first","9":"instock","10":"shipping-taxable","11":"product-type-simple"},"_links":{"self":[{"href":"https:\/\/asesa.com.gt\/asesa\/wp-json\/wp\/v2\/product\/1473","targetHints":{"allow":["GET"]}}],"collection":[{"href":"https:\/\/asesa.com.gt\/asesa\/wp-json\/wp\/v2\/product"}],"about":[{"href":"https:\/\/asesa.com.gt\/asesa\/wp-json\/wp\/v2\/types\/product"}],"replies":[{"embeddable":true,"href":"https:\/\/asesa.com.gt\/asesa\/wp-json\/wp\/v2\/comments?post=1473"}],"version-history":[{"count":5,"href":"https:\/\/asesa.com.gt\/asesa\/wp-json\/wp\/v2\/product\/1473\/revisions"}],"predecessor-version":[{"id":1480,"href":"https:\/\/asesa.com.gt\/asesa\/wp-json\/wp\/v2\/product\/1473\/revisions\/1480"}],"wp:featuredmedia":[{"embeddable":true,"href":"https:\/\/asesa.com.gt\/asesa\/wp-json\/wp\/v2\/media\/1474"}],"wp:attachment":[{"href":"https:\/\/asesa.com.gt\/asesa\/wp-json\/wp\/v2\/media?parent=1473"}],"wp:term":[{"taxonomy":"product_brand","embeddable":true,"href":"https:\/\/asesa.com.gt\/asesa\/wp-json\/wp\/v2\/product_brand?post=1473"},{"taxonomy":"product_cat","embeddable":true,"href":"https:\/\/asesa.com.gt\/asesa\/wp-json\/wp\/v2\/product_cat?post=1473"},{"taxonomy":"product_tag","embeddable":true,"href":"https:\/\/asesa.com.gt\/asesa\/wp-json\/wp\/v2\/product_tag?post=1473"}],"curies":[{"name":"wp","href":"https:\/\/api.w.org\/{rel}","templated":true}]}}