{"id":722,"date":"2021-06-16T04:31:31","date_gmt":"2021-06-16T04:31:31","guid":{"rendered":"https:\/\/asesa.com.gt\/asesa\/?post_type=product&#038;p=722"},"modified":"2024-07-30T00:18:21","modified_gmt":"2024-07-30T00:18:21","slug":"quantum-v-segmental-bia-bioimpedancia-electrica","status":"publish","type":"product","link":"https:\/\/asesa.com.gt\/asesa\/producto\/quantum-v-segmental-bia-bioimpedancia-electrica\/","title":{"rendered":"Quantum V Segmental BIA Bioimpedancia el\u00e9ctrica"},"content":{"rendered":"<p>El Quantum V Segmental utiliza un multiplexor de ocho cables y 12 canales para medir r\u00e1pidamente los valores de resistencia y reactancia de cada brazo, cada pierna y el torso derecho e izquierdo, incluidas las regiones superior e inferior del cuerpo humano.<br \/>\nLa repetibilidad y precisi\u00f3n de las mediciones de resistencia y reactancia permiten registrar los cambios m\u00e1s peque\u00f1os con 0.1 ohmios de resoluci\u00f3n.<br \/>\nEl dispositivo proporciona resultados r\u00e1pidos, en 15 segundos<\/p>\n","protected":false},"excerpt":{"rendered":"<p>El Quantum V Segmental utiliza un multiplexor de ocho cables y 12 canales para medir r\u00e1pidamente los valores de resistencia y reactancia de cada brazo, cada pierna y el torso derecho e izquierdo, incluidas las regiones superior e inferior del cuerpo humano.<br \/>\nLa repetibilidad y precisi\u00f3n de las mediciones de resistencia y reactancia permiten registrar los cambios m\u00e1s peque\u00f1os con 0.1 ohmios de resoluci\u00f3n.<br \/>\nEl dispositivo proporciona resultados r\u00e1pidos, en 15 segundos<\/p>\n","protected":false},"featured_media":693,"comment_status":"open","ping_status":"closed","template":"","meta":[],"product_brand":[],"product_cat":[12],"product_tag":[],"class_list":{"0":"post-722","1":"product","2":"type-product","3":"status-publish","4":"has-post-thumbnail","6":"product_cat-bioimpedancia-electrica","8":"first","9":"instock","10":"shipping-taxable","11":"product-type-simple"},"_links":{"self":[{"href":"https:\/\/asesa.com.gt\/asesa\/wp-json\/wp\/v2\/product\/722","targetHints":{"allow":["GET"]}}],"collection":[{"href":"https:\/\/asesa.com.gt\/asesa\/wp-json\/wp\/v2\/product"}],"about":[{"href":"https:\/\/asesa.com.gt\/asesa\/wp-json\/wp\/v2\/types\/product"}],"replies":[{"embeddable":true,"href":"https:\/\/asesa.com.gt\/asesa\/wp-json\/wp\/v2\/comments?post=722"}],"version-history":[{"count":1,"href":"https:\/\/asesa.com.gt\/asesa\/wp-json\/wp\/v2\/product\/722\/revisions"}],"predecessor-version":[{"id":723,"href":"https:\/\/asesa.com.gt\/asesa\/wp-json\/wp\/v2\/product\/722\/revisions\/723"}],"wp:featuredmedia":[{"embeddable":true,"href":"https:\/\/asesa.com.gt\/asesa\/wp-json\/wp\/v2\/media\/693"}],"wp:attachment":[{"href":"https:\/\/asesa.com.gt\/asesa\/wp-json\/wp\/v2\/media?parent=722"}],"wp:term":[{"taxonomy":"product_brand","embeddable":true,"href":"https:\/\/asesa.com.gt\/asesa\/wp-json\/wp\/v2\/product_brand?post=722"},{"taxonomy":"product_cat","embeddable":true,"href":"https:\/\/asesa.com.gt\/asesa\/wp-json\/wp\/v2\/product_cat?post=722"},{"taxonomy":"product_tag","embeddable":true,"href":"https:\/\/asesa.com.gt\/asesa\/wp-json\/wp\/v2\/product_tag?post=722"}],"curies":[{"name":"wp","href":"https:\/\/api.w.org\/{rel}","templated":true}]}}